{"id":6400,"date":"2026-02-25T12:19:46","date_gmt":"2026-02-25T22:19:46","guid":{"rendered":"https:\/\/eurohiti.ddec.pf\/?page_id=6400"},"modified":"2026-02-26T14:58:41","modified_gmt":"2026-02-27T00:58:41","slug":"carte-des-stages-a-letranger","status":"publish","type":"page","link":"https:\/\/eurohiti.ddec.pf\/index.php\/carte-des-stages-a-letranger\/","title":{"rendered":"Carte des STAGES A L&rsquo;ETRANGER"},"content":{"rendered":"\t\t<div data-elementor-type=\"wp-page\" data-elementor-id=\"6400\" class=\"elementor elementor-6400\">\n\t\t\t\t\t\t<section class=\"elementor-section elementor-top-section elementor-element elementor-element-e3998be elementor-section-boxed elementor-section-height-default elementor-section-height-default\" data-id=\"e3998be\" data-element_type=\"section\" data-e-type=\"section\">\n\t\t\t\t\t\t<div class=\"elementor-container elementor-column-gap-default\">\n\t\t\t\t\t<div class=\"elementor-column elementor-col-100 elementor-top-column elementor-element elementor-element-9dbc8d4\" data-id=\"9dbc8d4\" data-element_type=\"column\" data-e-type=\"column\">\n\t\t\t<div class=\"elementor-widget-wrap elementor-element-populated\">\n\t\t\t\t\t\t<div class=\"elementor-element elementor-element-f71c62d elementor-align-center elementor-widget elementor-widget-button\" data-id=\"f71c62d\" data-element_type=\"widget\" data-e-type=\"widget\" data-widget_type=\"button.default\">\n\t\t\t\t<div class=\"elementor-widget-container\">\n\t\t\t\t\t\t\t\t\t<div class=\"elementor-button-wrapper\">\n\t\t\t\t\t<a class=\"elementor-button elementor-button-link elementor-size-sm\" href=\"https:\/\/www.google.com\/maps\/d\/edit?mid=1kkgJ6yx11bzYlqrEOHDLY-MkdFMTNFs&#038;usp=sharing\">\n\t\t\t\t\t\t<span class=\"elementor-button-content-wrapper\">\n\t\t\t\t\t\t<span class=\"elementor-button-icon\">\n\t\t\t\t<i aria-hidden=\"true\" class=\"far fa-map\"><\/i>\t\t\t<\/span>\n\t\t\t\t\t\t\t\t\t<span class=\"elementor-button-text\">Cliquez ici pour conna\u00eetre les lieux et secteurs d'activit\u00e9s des stages r\u00e9alis\u00e9s \u00e0 l'\u00e9tranger en BTS CI<\/span>\n\t\t\t\t\t<\/span>\n\t\t\t\t\t<\/a>\n\t\t\t\t<\/div>\n\t\t\t\t\t\t\t\t<\/div>\n\t\t\t\t<\/div>\n\t\t\t\t\t<\/div>\n\t\t<\/div>\n\t\t\t\t\t<\/div>\n\t\t<\/section>\n\t\t\t\t<\/div>\n\t\t","protected":false},"excerpt":{"rendered":"<p>Cliquez ici pour conna\u00eetre les lieux et secteurs d&rsquo;activit\u00e9s des stages r\u00e9alis\u00e9s \u00e0 l&rsquo;\u00e9tranger en BTS CI<\/p>\n","protected":false},"author":4,"featured_media":0,"parent":0,"menu_order":0,"comment_status":"closed","ping_status":"closed","template":"","meta":{"inspiro_hide_title":false,"footnotes":""},"class_list":["post-6400","page","type-page","status-publish","hentry"],"_links":{"self":[{"href":"https:\/\/eurohiti.ddec.pf\/index.php\/wp-json\/wp\/v2\/pages\/6400","targetHints":{"allow":["GET"]}}],"collection":[{"href":"https:\/\/eurohiti.ddec.pf\/index.php\/wp-json\/wp\/v2\/pages"}],"about":[{"href":"https:\/\/eurohiti.ddec.pf\/index.php\/wp-json\/wp\/v2\/types\/page"}],"author":[{"embeddable":true,"href":"https:\/\/eurohiti.ddec.pf\/index.php\/wp-json\/wp\/v2\/users\/4"}],"replies":[{"embeddable":true,"href":"https:\/\/eurohiti.ddec.pf\/index.php\/wp-json\/wp\/v2\/comments?post=6400"}],"version-history":[{"count":10,"href":"https:\/\/eurohiti.ddec.pf\/index.php\/wp-json\/wp\/v2\/pages\/6400\/revisions"}],"predecessor-version":[{"id":6411,"href":"https:\/\/eurohiti.ddec.pf\/index.php\/wp-json\/wp\/v2\/pages\/6400\/revisions\/6411"}],"wp:attachment":[{"href":"https:\/\/eurohiti.ddec.pf\/index.php\/wp-json\/wp\/v2\/media?parent=6400"}],"curies":[{"name":"wp","href":"https:\/\/api.w.org\/{rel}","templated":true}]}}