{"id":6180,"date":"2025-07-07T11:01:01","date_gmt":"2025-07-07T21:01:01","guid":{"rendered":"https:\/\/eurohiti.ddec.pf\/?page_id=6180"},"modified":"2026-02-05T11:01:14","modified_gmt":"2026-02-05T21:01:14","slug":"alumnis-kesako","status":"publish","type":"page","link":"https:\/\/eurohiti.ddec.pf\/index.php\/alumnis-kesako\/","title":{"rendered":"Alumnis Kesako"},"content":{"rendered":"\t\t<div data-elementor-type=\"wp-page\" data-elementor-id=\"6180\" class=\"elementor elementor-6180\">\n\t\t\t\t\t\t<section class=\"elementor-section elementor-top-section elementor-element elementor-element-c7e64fa elementor-section-boxed elementor-section-height-default elementor-section-height-default\" data-id=\"c7e64fa\" data-element_type=\"section\" data-e-type=\"section\">\n\t\t\t\t\t\t<div class=\"elementor-container elementor-column-gap-default\">\n\t\t\t\t\t<div class=\"elementor-column elementor-col-100 elementor-top-column elementor-element elementor-element-191530e\" data-id=\"191530e\" data-element_type=\"column\" data-e-type=\"column\">\n\t\t\t<div class=\"elementor-widget-wrap elementor-element-populated\">\n\t\t\t\t\t\t<div class=\"elementor-element elementor-element-64dcb0d elementor-widget elementor-widget-heading\" data-id=\"64dcb0d\" data-element_type=\"widget\" data-e-type=\"widget\" data-widget_type=\"heading.default\">\n\t\t\t\t<div class=\"elementor-widget-container\">\n\t\t\t\t\t<h2 class=\"elementor-heading-title elementor-size-default\">Alumnis : Kesako ?<\/h2>\t\t\t\t<\/div>\n\t\t\t\t<\/div>\n\t\t\t\t\t<\/div>\n\t\t<\/div>\n\t\t\t\t\t<\/div>\n\t\t<\/section>\n\t\t\t\t<section class=\"elementor-section elementor-top-section elementor-element elementor-element-c1ee756 elementor-section-boxed elementor-section-height-default elementor-section-height-default\" data-id=\"c1ee756\" data-element_type=\"section\" data-e-type=\"section\">\n\t\t\t\t\t\t<div class=\"elementor-container elementor-column-gap-default\">\n\t\t\t\t\t<div class=\"elementor-column elementor-col-100 elementor-top-column elementor-element elementor-element-9550268\" data-id=\"9550268\" data-element_type=\"column\" data-e-type=\"column\">\n\t\t\t<div class=\"elementor-widget-wrap elementor-element-populated\">\n\t\t\t\t\t\t<div class=\"elementor-element elementor-element-b41f926 elementor-widget elementor-widget-text-editor\" data-id=\"b41f926\" data-element_type=\"widget\" data-e-type=\"widget\" data-widget_type=\"text-editor.default\">\n\t\t\t\t<div class=\"elementor-widget-container\">\n\t\t\t\t\t\t\t\t\t<p><strong data-start=\"1361\" data-end=\"1400\" style=\"caret-color: rgb(0, 0, 0); color: rgb(0, 0, 0);\">Connecter les entreprises polyn\u00e9siennes avec les dipl\u00f4m\u00e9s en Commerce International!<\/strong><br data-start=\"1400\" data-end=\"1403\" style=\"caret-color: rgb(0, 0, 0); color: rgb(0, 0, 0);\"><span style=\"caret-color: rgb(0, 0, 0); color: rgb(0, 0, 0); font-size: medium;\">EUROHITI facilite la&nbsp;<\/span><strong data-start=\"1424\" data-end=\"1475\" style=\"caret-color: rgb(0, 0, 0); color: rgb(0, 0, 0);\">diffusion de vos offres de stage et\/ou d\u2019emploi<\/strong><span style=\"caret-color: rgb(0, 0, 0); color: rgb(0, 0, 0); font-size: medium;\">&nbsp;aupr\u00e8s d\u2019un&nbsp;<\/span><strong data-start=\"1488\" data-end=\"1549\" style=\"caret-color: rgb(0, 0, 0); color: rgb(0, 0, 0);\">vivier qualifi\u00e9 de dipl\u00f4m\u00e9s en BTS Commerce International<\/strong><span style=\"caret-color: rgb(0, 0, 0); color: rgb(0, 0, 0); font-size: medium;\">, form\u00e9s aux enjeux du marketing, de l\u2019import-export, de la prospection commerciale et des \u00e9changes internationaux.<\/span><br><\/p>\t\t\t\t\t\t\t\t<\/div>\n\t\t\t\t<\/div>\n\t\t\t\t\t<\/div>\n\t\t<\/div>\n\t\t\t\t\t<\/div>\n\t\t<\/section>\n\t\t\t\t<\/div>\n\t\t","protected":false},"excerpt":{"rendered":"<p>Alumnis : Kesako ? Connecter les entreprises polyn\u00e9siennes avec les dipl\u00f4m\u00e9s en Commerce International!EUROHITI facilite la&nbsp;diffusion de vos offres de stage et\/ou d\u2019emploi&nbsp;aupr\u00e8s d\u2019un&nbsp;vivier qualifi\u00e9 de dipl\u00f4m\u00e9s en BTS Commerce International, form\u00e9s aux enjeux du marketing, de l\u2019import-export, de la prospection commerciale et des \u00e9changes internationaux.<\/p>\n","protected":false},"author":4,"featured_media":0,"parent":0,"menu_order":0,"comment_status":"closed","ping_status":"closed","template":"","meta":{"inspiro_hide_title":false,"footnotes":""},"class_list":["post-6180","page","type-page","status-publish","hentry"],"_links":{"self":[{"href":"https:\/\/eurohiti.ddec.pf\/index.php\/wp-json\/wp\/v2\/pages\/6180","targetHints":{"allow":["GET"]}}],"collection":[{"href":"https:\/\/eurohiti.ddec.pf\/index.php\/wp-json\/wp\/v2\/pages"}],"about":[{"href":"https:\/\/eurohiti.ddec.pf\/index.php\/wp-json\/wp\/v2\/types\/page"}],"author":[{"embeddable":true,"href":"https:\/\/eurohiti.ddec.pf\/index.php\/wp-json\/wp\/v2\/users\/4"}],"replies":[{"embeddable":true,"href":"https:\/\/eurohiti.ddec.pf\/index.php\/wp-json\/wp\/v2\/comments?post=6180"}],"version-history":[{"count":8,"href":"https:\/\/eurohiti.ddec.pf\/index.php\/wp-json\/wp\/v2\/pages\/6180\/revisions"}],"predecessor-version":[{"id":6205,"href":"https:\/\/eurohiti.ddec.pf\/index.php\/wp-json\/wp\/v2\/pages\/6180\/revisions\/6205"}],"wp:attachment":[{"href":"https:\/\/eurohiti.ddec.pf\/index.php\/wp-json\/wp\/v2\/media?parent=6180"}],"curies":[{"name":"wp","href":"https:\/\/api.w.org\/{rel}","templated":true}]}}