{"id":3,"date":"2022-03-05T00:44:28","date_gmt":"2022-03-05T10:44:28","guid":{"rendered":"https:\/eurohiti.ddec.pf\/?page_id=3"},"modified":"2022-08-24T08:04:09","modified_gmt":"2022-08-24T18:04:09","slug":"politique-de-confidentialite","status":"publish","type":"page","link":"https:\/\/eurohiti.ddec.pf\/index.php\/politique-de-confidentialite\/","title":{"rendered":"Politique de confidentialit\u00e9"},"content":{"rendered":"\t\t<div data-elementor-type=\"wp-page\" data-elementor-id=\"3\" class=\"elementor elementor-3\">\n\t\t\t\t\t\t<section class=\"elementor-section elementor-top-section elementor-element elementor-element-602fa8f5 elementor-section-boxed elementor-section-height-default elementor-section-height-default\" data-id=\"602fa8f5\" data-element_type=\"section\" data-e-type=\"section\">\n\t\t\t\t\t\t<div class=\"elementor-container elementor-column-gap-default\">\n\t\t\t\t\t<div class=\"elementor-column elementor-col-100 elementor-top-column elementor-element elementor-element-74e1fefd\" data-id=\"74e1fefd\" data-element_type=\"column\" data-e-type=\"column\">\n\t\t\t<div class=\"elementor-widget-wrap elementor-element-populated\">\n\t\t\t\t\t\t\t<\/div>\n\t\t<\/div>\n\t\t\t\t\t<\/div>\n\t\t<\/section>\n\t\t\t\t<section class=\"elementor-section elementor-top-section elementor-element elementor-element-bd882ed elementor-section-boxed elementor-section-height-default elementor-section-height-default\" data-id=\"bd882ed\" data-element_type=\"section\" data-e-type=\"section\">\n\t\t\t\t\t\t<div class=\"elementor-container elementor-column-gap-default\">\n\t\t\t\t\t<div class=\"elementor-column elementor-col-100 elementor-top-column elementor-element elementor-element-e437b00\" data-id=\"e437b00\" data-element_type=\"column\" data-e-type=\"column\">\n\t\t\t<div class=\"elementor-widget-wrap elementor-element-populated\">\n\t\t\t\t\t\t\t<\/div>\n\t\t<\/div>\n\t\t\t\t\t<\/div>\n\t\t<\/section>\n\t\t\t\t<section class=\"elementor-section elementor-top-section elementor-element elementor-element-450087e elementor-section-boxed elementor-section-height-default elementor-section-height-default\" data-id=\"450087e\" data-element_type=\"section\" data-e-type=\"section\">\n\t\t\t\t\t\t<div class=\"elementor-container elementor-column-gap-default\">\n\t\t\t\t\t<div class=\"elementor-column elementor-col-100 elementor-top-column elementor-element elementor-element-acc4fe4\" data-id=\"acc4fe4\" data-element_type=\"column\" data-e-type=\"column\">\n\t\t\t<div class=\"elementor-widget-wrap elementor-element-populated\">\n\t\t\t\t\t\t<div class=\"elementor-element elementor-element-4f21f09 elementor-widget elementor-widget-text-editor\" data-id=\"4f21f09\" data-element_type=\"widget\" data-e-type=\"widget\" data-widget_type=\"text-editor.default\">\n\t\t\t\t<div class=\"elementor-widget-container\">\n\t\t\t\t\t\t\t\t\t<h2 style=\"font-style: normal;\"><span style=\"font-weight: bold;\">Politique de Confidentialit\u00e9<\/span><\/h2><div><span style=\"font-weight: bold;\">\u00a0<\/span><\/div><h5 style=\"font-style: normal;\"><span style=\"font-weight: bold;\">ARTICLE 1: COLLECTE DE VOS INFORMATIONS<\/span><\/h5><p style=\"font-size: 16px; font-style: normal; font-weight: 400;\">Nous recueillons des informations lorsque vous remplissez notre formulaire de contact, de<\/p><p style=\"font-size: 16px; font-style: normal; font-weight: 400;\">l\u2019association Euro hiti et lorsque vous r\u00e9servez \/ achetez un de nos services \/ produits.<\/p><p style=\"font-size: 16px; font-style: normal; font-weight: 400;\">Nous pouvons r\u00e9colter les informations suivantes : votre pr\u00e9nom, votre nom, votre adresse<\/p><p style=\"font-size: 16px; font-style: normal; font-weight: 400;\">e-mail, votre num\u00e9ro de t\u00e9l\u00e9phone, votre adresse et votre localit\u00e9.<\/p><p style=\"font-size: 16px; font-style: normal; font-weight: 400;\">En outre, nous pouvons recevoir et enregistrer automatiquement des informations \u00e0 partir de<\/p><p style=\"font-size: 16px; font-style: normal; font-weight: 400;\">votre ordinateur et navigateur, y compris votre adresse IP, vos logiciels et votre mat\u00e9riel, et la<\/p><p style=\"font-size: 16px; font-style: normal; font-weight: 400;\">page que vous demandez selon vos pr\u00e9f\u00e9rences cookies que vous avez s\u00e9lectionn\u00e9 via notre<\/p><p style=\"font-size: 16px; font-style: normal; font-weight: 400;\">bandeau.<\/p><h5 style=\"font-style: normal;\"><span style=\"font-weight: bold;\">\u00a0<\/span><\/h5><h5 style=\"font-style: normal;\"><span style=\"font-weight: bold;\">ARTICLE 2 : UTILISATION DE VOS INFORMATIONS<\/span><\/h5><p style=\"font-size: 16px; font-style: normal; font-weight: 400;\">Toutes les informations que nous recueillons de votre part peuvent \u00eatre utilis\u00e9es pour :<\/p><p style=\"font-size: 16px; font-style: normal; font-weight: 400;\">\u25cf Vous contacter de mani\u00e8re plus efficace ;<\/p><p style=\"font-size: 16px; font-style: normal; font-weight: 400;\">\u25cf Collecter et \u00e9tablir des statistiques pour am\u00e9liorer nos campagnes marketing et<\/p><p style=\"font-size: 16px; font-style: normal; font-weight: 400;\">webmarketing ;<\/p><p style=\"font-size: 16px; font-style: normal; font-weight: 400;\">\u25cf Vous envoyer des offres similaires dans le cas o\u00f9 vous \u00eates inscrit(e)s \u00e0 celles-ci ;<\/p><p style=\"font-size: 16px; font-style: normal; font-weight: 400;\">\u25cf Personnaliser votre exp\u00e9rience et r\u00e9pondre \u00e0 vos besoins individuels.<\/p><h5 style=\"font-style: normal;\"><span style=\"font-weight: bold;\">\u00a0<\/span><\/h5><h5 style=\"font-style: normal;\"><span style=\"font-weight: bold;\">ARTICLE 3 : CONFIDENTIALITE DE VOS DONN\u00c9ES<\/span><\/h5><p style=\"font-size: 16px; font-style: normal; font-weight: 400;\">Nous sommes les seuls propri\u00e9taires des informations recueillies sur notre site. Vos<\/p><p style=\"font-size: 16px; font-style: normal; font-weight: 400;\">informations personnelles ne seront pas vendues, \u00e9chang\u00e9es, transf\u00e9r\u00e9es, ou donn\u00e9es \u00e0 une<\/p><p style=\"font-size: 16px; font-style: normal; font-weight: 400;\">autre soci\u00e9t\u00e9 pour n\u2019importe quelle raison, sans votre consentement.<\/p><h5 style=\"font-style: normal;\"><span style=\"font-weight: bold;\">\u00a0<\/span><\/h5><h5 style=\"font-style: normal;\"><span style=\"font-weight: bold;\">ARTICLE 4 : DIVULGATION \u00c0 DES TIERS<\/span><\/h5><p style=\"font-size: 16px; font-style: normal; font-weight: 400;\">Nous ne vendons, n\u2019\u00e9changeons et ne transf\u00e9rons pas vos informations personnelles<\/p><p style=\"font-size: 16px; font-style: normal; font-weight: 400;\">identifiables \u00e0 des tiers. Cela ne comprend pas les tierce parties de confiance qui nous aident<\/p><p style=\"font-size: 16px; font-style: normal; font-weight: 400;\">\u00e0 exploiter notre site web ou \u00e0 mener nos affaires, tant que ces parties conviennent de garder<\/p><p style=\"font-size: 16px; font-style: normal; font-weight: 400;\">ces informations confidentielles.<\/p><h5 style=\"font-style: normal;\"><span style=\"font-weight: bold;\">\u00a0<\/span><\/h5><h5 style=\"font-style: normal;\"><span style=\"font-weight: bold;\">ARTICLE 5 : PROTECTION DE VOS INFORMATIONS<\/span><\/h5><p style=\"font-size: 16px; font-style: normal; font-weight: 400;\">Nous mettons en \u0153uvre une vari\u00e9t\u00e9 de mesures de s\u00e9curit\u00e9 pour pr\u00e9server la s\u00e9curit\u00e9 de vos<\/p><p style=\"font-size: 16px; font-style: normal; font-weight: 400;\">informations personnelles. Nous utilisons un cryptage \u00e0 la pointe de la technologie pour<\/p><p style=\"font-size: 16px; font-style: normal; font-weight: 400;\">prot\u00e9ger les informations sensibles transmises en ligne. Notre site internet poss\u00e8de bien<\/p><p style=\"font-size: 16px; font-style: normal; font-weight: 400;\">entendu un Certificat SSL (Secure Socket Layer).<\/p><p style=\"font-size: 16px; font-style: normal; font-weight: 400;\">Nous prot\u00e9geons \u00e9galement vos informations hors ligne. Seuls les membres autoris\u00e9s de<\/p><p style=\"font-size: 16px; font-style: normal; font-weight: 400;\">l&rsquo;entreprise qui ont besoin d\u2019effectuer un travail sp\u00e9cifique (par exemple, la facturation ou le<\/p><p style=\"font-size: 16px; font-style: normal; font-weight: 400;\">service aux membres) ont acc\u00e8s aux informations personnelles identifiables. Les ordinateurs<\/p><p style=\"font-size: 16px; font-style: normal; font-weight: 400;\">et serveurs utilis\u00e9s pour stocker des informations personnelles identifiables sont conserv\u00e9s<\/p><p style=\"font-size: 16px; font-style: normal; font-weight: 400;\">dans un environnement s\u00e9curis\u00e9 par notre h\u00e9bergeur.<\/p><h5 style=\"font-style: normal;\"><span style=\"font-weight: bold;\">\u00a0<\/span><\/h5><h5 style=\"font-style: normal;\"><span style=\"font-weight: bold;\">ARTICLE 6 : COPIE OU SUPPRESSION DE VOS INFORMATIONS<\/span><\/h5><p style=\"font-size: 16px; font-style: normal; font-weight: 400;\">Nous stockons les donn\u00e9es transmises via nos diff\u00e9rents formulaires de contact.<\/p><p style=\"font-size: 16px; font-style: normal; font-weight: 400;\">Cependant, vous avez la possibilit\u00e9 de nous contacter par e-mail \u00e0 eurohiti.987@gmail.com,<\/p><p style=\"font-size: 16px; font-style: normal; font-weight: 400;\">pour toute demande de copie ou de suppression de vos donn\u00e9es personnelles que nous<\/p><p style=\"font-size: 16px; font-style: normal; font-weight: 400;\">stockons.<\/p><h5 style=\"font-style: normal;\"><span style=\"font-weight: bold;\">\u00a0<\/span><\/h5><h5 style=\"font-style: normal;\"><span style=\"font-weight: bold;\">ARTICLE 7 : ENVOI DES NEWSLETTER<\/span><\/h5><p style=\"font-size: 16px; font-style: normal; font-weight: 400;\">Si vous \u00eates concern\u00e9(e)s par l&rsquo;envoi des diff\u00e9rentes newsletters, vous pouvez en tout temps vous<\/p><p style=\"font-size: 16px; font-style: normal; font-weight: 400;\">d\u00e9sabonner de celles-ci via une proposition sur le bas de chaque e-mail.<\/p><h5 style=\"font-style: normal;\"><span style=\"font-weight: bold;\">\u00a0<\/span><\/h5><h5 style=\"font-style: normal;\"><span style=\"font-weight: bold;\">ARTICLE 8: POLITIQUE DE L&rsquo;H\u00c9BERGEUR<\/span><\/h5><p style=\"font-size: 16px; font-style: normal; font-weight: 400;\">Notre h\u00e9bergeur poss\u00e8de sa propre politique de confidentialit\u00e9 concernant l&rsquo;utilisation de vos<\/p><p style=\"font-size: 16px; font-style: normal; font-weight: 400;\">donn\u00e9es que vous pouvez consulter en tout temps ici :<\/p><p style=\"font-size: 16px; font-style: normal; font-weight: 400;\"><a href=\"https:\/\/www.clm.ddec.pf\/politique-de-confidentialite\/.\">https:\/\/www.clm.ddec.pf\/politique-de-confidentialite\/.<\/a><\/p><h5 style=\"font-style: normal;\"><span style=\"font-weight: bold;\">ARTICLE 9 : CONSENTEMENT \u00c0 NOTRE POLITIQUE<\/span><\/h5><p style=\"font-size: 16px; font-style: normal; font-weight: 400;\">En utilisant notre site, vous consentez \u00e0 notre politique de confidentialit\u00e9 et que celle-ci<\/p><p style=\"font-size: 16px; font-style: normal; font-weight: 400;\">puisse \u00eatre modifi\u00e9e en tout temps par l&rsquo;\u00e9diteur.<\/p><h2 style=\"font-style: normal;\">\u00a0<\/h2><h2 style=\"font-style: normal;\">Commentaires<\/h2><p style=\"font-size: 16px; font-style: normal; font-weight: 400;\">Quand vous laissez un commentaire sur notre site, les donn\u00e9es inscrites dans le formulaire de commentaire, ainsi que votre adresse IP et l\u2019agent utilisateur de votre navigateur sont collect\u00e9s pour nous aider \u00e0 la d\u00e9tection des commentaires ind\u00e9sirables.<\/p><p style=\"font-size: 16px; font-style: normal; font-weight: 400;\">Une cha\u00eene anonymis\u00e9e cr\u00e9\u00e9e \u00e0 partir de votre adresse e-mail (\u00e9galement appel\u00e9e hash) peut \u00eatre envoy\u00e9e au service Gravatar pour v\u00e9rifier si vous utilisez ce dernier. Les clauses de confidentialit\u00e9 du service Gravatar sont disponibles ici\u00a0: <a href=\"https:\/\/automattic.com\/privacy\/\">https:\/\/automattic.com\/privacy\/<\/a>. Apr\u00e8s validation de votre commentaire, votre photo de profil sera visible publiquement \u00e0 cot\u00e9 de votre commentaire.<\/p><h2 style=\"font-style: normal;\">M\u00e9dias<\/h2><p style=\"font-size: 16px; font-style: normal; font-weight: 400;\">Si vous t\u00e9l\u00e9versez des images sur le site, nous vous conseillons d\u2019\u00e9viter de t\u00e9l\u00e9verser des images contenant des donn\u00e9es EXIF de coordonn\u00e9es GPS. Les personnes visitant votre site peuvent t\u00e9l\u00e9charger et extraire des donn\u00e9es de localisation depuis ces images.<\/p><h2 style=\"font-style: normal;\">Cookies<\/h2><p style=\"font-size: 16px; font-style: normal; font-weight: 400;\">Si vous d\u00e9posez un commentaire sur notre site, il vous sera propos\u00e9 d\u2019enregistrer votre nom, adresse e-mail et site dans des cookies. C\u2019est uniquement pour votre confort afin de ne pas avoir \u00e0 saisir ces informations si vous d\u00e9posez un autre commentaire plus tard. Ces cookies expirent au bout d\u2019un an.<\/p><p style=\"font-size: 16px; font-style: normal; font-weight: 400;\">Si vous vous rendez sur la page de connexion, un cookie temporaire sera cr\u00e9\u00e9 afin de d\u00e9terminer si votre navigateur accepte les cookies. Il ne contient pas de donn\u00e9es personnelles et sera supprim\u00e9 automatiquement \u00e0 la fermeture de votre navigateur.<\/p><p style=\"font-size: 16px; font-style: normal; font-weight: 400;\">Lorsque vous vous connecterez, nous mettrons en place un certain nombre de cookies pour enregistrer vos informations de connexion et vos pr\u00e9f\u00e9rences d\u2019\u00e9cran. La dur\u00e9e de vie d\u2019un cookie de connexion est de deux jours, celle d\u2019un cookie d\u2019option d\u2019\u00e9cran est d\u2019un an. Si vous cochez \u00ab\u00a0Se souvenir de moi\u00a0\u00bb, votre cookie de connexion sera conserv\u00e9 pendant deux semaines. Si vous vous d\u00e9connectez de votre compte, le cookie de connexion sera effac\u00e9.<\/p><p style=\"font-size: 16px; font-style: normal; font-weight: 400;\">En modifiant ou en publiant une publication, un cookie suppl\u00e9mentaire sera enregistr\u00e9 dans votre navigateur. Ce cookie ne comprend aucune donn\u00e9e personnelle. Il indique simplement l\u2019ID de la publication que vous venez de modifier. Il expire au bout d\u2019un jour.<\/p><h2 style=\"font-style: normal;\">Contenu embarqu\u00e9 depuis d\u2019autres sites<\/h2><p style=\"font-size: 16px; font-style: normal; font-weight: 400;\">Les articles de ce site peuvent inclure des contenus int\u00e9gr\u00e9s (par exemple des vid\u00e9os, images, articles\u2026). Le contenu int\u00e9gr\u00e9 depuis d\u2019autres sites se comporte de la m\u00eame mani\u00e8re que si le visiteur se rendait sur cet autre site.<\/p><p style=\"font-size: 16px; font-style: normal; font-weight: 400;\">Ces sites web pourraient collecter des donn\u00e9es sur vous, utiliser des cookies, embarquer des outils de suivis tiers, suivre vos interactions avec ces contenus embarqu\u00e9s si vous disposez d\u2019un compte connect\u00e9 sur leur site web.<\/p><h2 style=\"font-style: normal;\">Utilisation et transmission de vos donn\u00e9es personnelles<\/h2><p style=\"font-size: 16px; font-style: normal; font-weight: 400;\">Si vous demandez une r\u00e9initialisation de votre mot de passe, votre adresse IP sera incluse dans l\u2019e-mail de r\u00e9initialisation.<\/p><h2 style=\"font-style: normal;\">Dur\u00e9es de stockage de vos donn\u00e9es<\/h2><p style=\"font-size: 16px; font-style: normal; font-weight: 400;\">Si vous laissez un commentaire, le commentaire et ses m\u00e9tadonn\u00e9es sont conserv\u00e9s ind\u00e9finiment. Cela permet de reconna\u00eetre et approuver automatiquement les commentaires suivants au lieu de les laisser dans la file de mod\u00e9ration.<\/p><p style=\"font-size: 16px; font-style: normal; font-weight: 400;\">Pour les comptes qui s\u2019inscrivent sur notre site (le cas \u00e9ch\u00e9ant), nous stockons \u00e9galement les donn\u00e9es personnelles indiqu\u00e9es dans leur profil. Tous les comptes peuvent voir, modifier ou supprimer leurs informations personnelles \u00e0 tout moment (\u00e0 l\u2019exception de leur identifiant). Les gestionnaires du site peuvent aussi voir et modifier ces informations.<\/p><h2 style=\"font-style: normal;\">Les droits que vous avez sur vos donn\u00e9es<\/h2><p style=\"font-size: 16px; font-style: normal; font-weight: 400;\">Si vous avez un compte ou si vous avez laiss\u00e9 des commentaires sur le site, vous pouvez demander \u00e0 recevoir un fichier contenant toutes les donn\u00e9es personnelles que nous poss\u00e9dons \u00e0 votre sujet, incluant celles que vous nous avez fournies. Vous pouvez \u00e9galement demander la suppression des donn\u00e9es personnelles vous concernant. Cela ne prend pas en compte les donn\u00e9es stock\u00e9es \u00e0 des fins administratives, l\u00e9gales ou pour des raisons de s\u00e9curit\u00e9.<\/p><h2 style=\"font-style: normal;\">Transmission de vos donn\u00e9es personnelles<\/h2><p style=\"font-size: 16px; font-style: normal; font-weight: 400;\">Les commentaires des visiteurs peuvent \u00eatre v\u00e9rifi\u00e9s \u00e0 l\u2019aide d\u2019un service automatis\u00e9 de d\u00e9tection des commentaires ind\u00e9sirables.<\/p>\t\t\t\t\t\t\t\t<\/div>\n\t\t\t\t<\/div>\n\t\t\t\t\t<\/div>\n\t\t<\/div>\n\t\t\t\t\t<\/div>\n\t\t<\/section>\n\t\t\t\t<\/div>\n\t\t","protected":false},"excerpt":{"rendered":"<p>Politique de Confidentialit\u00e9 \u00a0 ARTICLE 1: COLLECTE DE VOS INFORMATIONS Nous recueillons des informations lorsque vous remplissez notre formulaire de contact, de l\u2019association Euro hiti et lorsque vous r\u00e9servez \/ achetez un de nos services \/ produits. Nous pouvons r\u00e9colter les informations suivantes : votre pr\u00e9nom, votre nom, votre adresse e-mail, votre num\u00e9ro de t\u00e9l\u00e9phone, &hellip; <\/p>\n<p class=\"link-more\"><a href=\"https:\/\/eurohiti.ddec.pf\/index.php\/politique-de-confidentialite\/\" class=\"more-link\">Lire la suite de<span class=\"screen-reader-text\">\u00ab\u00a0Politique de confidentialit\u00e9\u00a0\u00bb<\/span><\/a><\/p>\n","protected":false},"author":1,"featured_media":0,"parent":0,"menu_order":0,"comment_status":"closed","ping_status":"closed","template":"","meta":{"inspiro_hide_title":false,"footnotes":""},"class_list":["post-3","page","type-page","status-publish","hentry"],"_links":{"self":[{"href":"https:\/\/eurohiti.ddec.pf\/index.php\/wp-json\/wp\/v2\/pages\/3","targetHints":{"allow":["GET"]}}],"collection":[{"href":"https:\/\/eurohiti.ddec.pf\/index.php\/wp-json\/wp\/v2\/pages"}],"about":[{"href":"https:\/\/eurohiti.ddec.pf\/index.php\/wp-json\/wp\/v2\/types\/page"}],"author":[{"embeddable":true,"href":"https:\/\/eurohiti.ddec.pf\/index.php\/wp-json\/wp\/v2\/users\/1"}],"replies":[{"embeddable":true,"href":"https:\/\/eurohiti.ddec.pf\/index.php\/wp-json\/wp\/v2\/comments?post=3"}],"version-history":[{"count":19,"href":"https:\/\/eurohiti.ddec.pf\/index.php\/wp-json\/wp\/v2\/pages\/3\/revisions"}],"predecessor-version":[{"id":2057,"href":"https:\/\/eurohiti.ddec.pf\/index.php\/wp-json\/wp\/v2\/pages\/3\/revisions\/2057"}],"wp:attachment":[{"href":"https:\/\/eurohiti.ddec.pf\/index.php\/wp-json\/wp\/v2\/media?parent=3"}],"curies":[{"name":"wp","href":"https:\/\/api.w.org\/{rel}","templated":true}]}}