{"id":2455,"date":"2022-10-17T15:11:49","date_gmt":"2022-10-18T01:11:49","guid":{"rendered":"https:\/\/eurohiti.ddec.pf\/?page_id=2455"},"modified":"2023-02-08T15:17:10","modified_gmt":"2023-02-09T01:17:10","slug":"anglais-professionnel","status":"publish","type":"page","link":"https:\/\/eurohiti.ddec.pf\/index.php\/anglais-professionnel\/","title":{"rendered":"Anglais Professionnel"},"content":{"rendered":"\t\t<div data-elementor-type=\"wp-page\" data-elementor-id=\"2455\" class=\"elementor elementor-2455\">\n\t\t\t\t\t\t<section class=\"elementor-section elementor-top-section elementor-element elementor-element-f3adaf0 elementor-section-boxed elementor-section-height-default elementor-section-height-default\" data-id=\"f3adaf0\" data-element_type=\"section\" data-e-type=\"section\">\n\t\t\t\t\t\t<div class=\"elementor-container elementor-column-gap-default\">\n\t\t\t\t\t<div class=\"elementor-column elementor-col-100 elementor-top-column elementor-element elementor-element-af8bdb6\" data-id=\"af8bdb6\" data-element_type=\"column\" data-e-type=\"column\">\n\t\t\t<div class=\"elementor-widget-wrap elementor-element-populated\">\n\t\t\t\t\t\t<div class=\"elementor-element elementor-element-880a622 elementor-widget elementor-widget-text-editor\" data-id=\"880a622\" data-element_type=\"widget\" data-e-type=\"widget\" data-widget_type=\"text-editor.default\">\n\t\t\t\t<div class=\"elementor-widget-container\">\n\t\t\t\t\t\t\t\t\t<p>Coming soon&#8230;<br \/><br \/>Pensez \u00e0 visiter notre page <a href=\"https:\/\/eurohiti.ddec.pf\/index.php\/anglais-professionnel\/\">Anglais g\u00e9n\u00e9ral<\/a>!<\/p>\t\t\t\t\t\t\t\t<\/div>\n\t\t\t\t<\/div>\n\t\t\t\t\t<\/div>\n\t\t<\/div>\n\t\t\t\t\t<\/div>\n\t\t<\/section>\n\t\t\t\t<\/div>\n\t\t","protected":false},"excerpt":{"rendered":"<p>Coming soon&#8230; Pensez \u00e0 visiter notre page Anglais g\u00e9n\u00e9ral!<\/p>\n","protected":false},"author":1,"featured_media":0,"parent":0,"menu_order":0,"comment_status":"closed","ping_status":"closed","template":"","meta":{"inspiro_hide_title":false,"footnotes":""},"class_list":["post-2455","page","type-page","status-publish","hentry"],"_links":{"self":[{"href":"https:\/\/eurohiti.ddec.pf\/index.php\/wp-json\/wp\/v2\/pages\/2455","targetHints":{"allow":["GET"]}}],"collection":[{"href":"https:\/\/eurohiti.ddec.pf\/index.php\/wp-json\/wp\/v2\/pages"}],"about":[{"href":"https:\/\/eurohiti.ddec.pf\/index.php\/wp-json\/wp\/v2\/types\/page"}],"author":[{"embeddable":true,"href":"https:\/\/eurohiti.ddec.pf\/index.php\/wp-json\/wp\/v2\/users\/1"}],"replies":[{"embeddable":true,"href":"https:\/\/eurohiti.ddec.pf\/index.php\/wp-json\/wp\/v2\/comments?post=2455"}],"version-history":[{"count":55,"href":"https:\/\/eurohiti.ddec.pf\/index.php\/wp-json\/wp\/v2\/pages\/2455\/revisions"}],"predecessor-version":[{"id":4763,"href":"https:\/\/eurohiti.ddec.pf\/index.php\/wp-json\/wp\/v2\/pages\/2455\/revisions\/4763"}],"wp:attachment":[{"href":"https:\/\/eurohiti.ddec.pf\/index.php\/wp-json\/wp\/v2\/media?parent=2455"}],"curies":[{"name":"wp","href":"https:\/\/api.w.org\/{rel}","templated":true}]}}