{"id":2442,"date":"2022-10-17T15:09:37","date_gmt":"2022-10-18T01:09:37","guid":{"rendered":"https:\/\/eurohiti.ddec.pf\/?page_id=2442"},"modified":"2023-02-10T14:01:57","modified_gmt":"2023-02-11T00:01:57","slug":"espagnol","status":"publish","type":"page","link":"https:\/\/eurohiti.ddec.pf\/index.php\/espagnol\/","title":{"rendered":"Espagnol"},"content":{"rendered":"\t\t<div data-elementor-type=\"wp-page\" data-elementor-id=\"2442\" class=\"elementor elementor-2442\">\n\t\t\t\t\t\t<section class=\"elementor-section elementor-top-section elementor-element elementor-element-75b03b8 elementor-section-boxed elementor-section-height-default elementor-section-height-default\" data-id=\"75b03b8\" data-element_type=\"section\" data-e-type=\"section\">\n\t\t\t\t\t\t<div class=\"elementor-container elementor-column-gap-default\">\n\t\t\t\t\t<div class=\"elementor-column elementor-col-100 elementor-top-column elementor-element elementor-element-0938609\" data-id=\"0938609\" data-element_type=\"column\" data-e-type=\"column\">\n\t\t\t<div class=\"elementor-widget-wrap\">\n\t\t\t\t\t\t\t<\/div>\n\t\t<\/div>\n\t\t\t\t\t<\/div>\n\t\t<\/section>\n\t\t\t\t<section class=\"elementor-section elementor-top-section elementor-element elementor-element-cf04c36 elementor-section-boxed elementor-section-height-default elementor-section-height-default\" data-id=\"cf04c36\" data-element_type=\"section\" data-e-type=\"section\">\n\t\t\t\t\t\t<div class=\"elementor-container elementor-column-gap-default\">\n\t\t\t\t\t<div class=\"elementor-column elementor-col-100 elementor-top-column elementor-element elementor-element-0cca4bb\" data-id=\"0cca4bb\" data-element_type=\"column\" data-e-type=\"column\">\n\t\t\t<div class=\"elementor-widget-wrap elementor-element-populated\">\n\t\t\t\t\t\t<div class=\"elementor-element elementor-element-5dfa581 elementor-widget elementor-widget-image\" data-id=\"5dfa581\" data-element_type=\"widget\" data-e-type=\"widget\" data-widget_type=\"image.default\">\n\t\t\t\t<div class=\"elementor-widget-container\">\n\t\t\t\t\t\t\t\t\t\t\t\t\t\t\t<img fetchpriority=\"high\" decoding=\"async\" width=\"724\" height=\"1024\" src=\"https:\/\/eurohiti.ddec.pf\/wp-content\/uploads\/2023\/02\/Mahana-Seville-2022-724x1024.jpg\" class=\"attachment-large size-large wp-image-5386\" alt=\"Mobilit\u00e9 de stage ERASMUS+ \u00e0 S\u00e9ville\" srcset=\"https:\/\/eurohiti.ddec.pf\/wp-content\/uploads\/2023\/02\/Mahana-Seville-2022-724x1024.jpg 724w, https:\/\/eurohiti.ddec.pf\/wp-content\/uploads\/2023\/02\/Mahana-Seville-2022-212x300.jpg 212w, https:\/\/eurohiti.ddec.pf\/wp-content\/uploads\/2023\/02\/Mahana-Seville-2022-768x1086.jpg 768w, https:\/\/eurohiti.ddec.pf\/wp-content\/uploads\/2023\/02\/Mahana-Seville-2022-1086x1536.jpg 1086w, https:\/\/eurohiti.ddec.pf\/wp-content\/uploads\/2023\/02\/Mahana-Seville-2022-1448x2048.jpg 1448w, https:\/\/eurohiti.ddec.pf\/wp-content\/uploads\/2023\/02\/Mahana-Seville-2022-600x849.jpg 600w, https:\/\/eurohiti.ddec.pf\/wp-content\/uploads\/2023\/02\/Mahana-Seville-2022.jpg 1587w\" sizes=\"100vw\" \/>\t\t\t\t\t\t\t\t\t\t\t\t\t\t\t<\/div>\n\t\t\t\t<\/div>\n\t\t\t\t\t<\/div>\n\t\t<\/div>\n\t\t\t\t\t<\/div>\n\t\t<\/section>\n\t\t\t\t<section class=\"elementor-section elementor-top-section elementor-element elementor-element-e08316a elementor-section-boxed elementor-section-height-default elementor-section-height-default\" data-id=\"e08316a\" data-element_type=\"section\" data-e-type=\"section\">\n\t\t\t\t\t\t<div class=\"elementor-container elementor-column-gap-default\">\n\t\t\t\t\t<div class=\"elementor-column elementor-col-100 elementor-top-column elementor-element elementor-element-5147be9\" data-id=\"5147be9\" data-element_type=\"column\" data-e-type=\"column\">\n\t\t\t<div class=\"elementor-widget-wrap elementor-element-populated\">\n\t\t\t\t\t\t<div class=\"elementor-element elementor-element-d48e529 elementor-widget elementor-widget-video\" data-id=\"d48e529\" data-element_type=\"widget\" data-e-type=\"widget\" data-settings=\"{&quot;youtube_url&quot;:&quot;https:\\\/\\\/whttps:\\\/\\\/youtu.be\\\/vg9Gd12ERdQww.youtube.com\\\/watch?v=XHOmBV4js_E&quot;,&quot;video_type&quot;:&quot;youtube&quot;,&quot;controls&quot;:&quot;yes&quot;}\" data-widget_type=\"video.default\">\n\t\t\t\t<div class=\"elementor-widget-container\">\n\t\t\t\t\t\t\t<div class=\"elementor-wrapper elementor-open-inline\">\n\t\t\t<div class=\"elementor-video\"><\/div>\t\t<\/div>\n\t\t\t\t\t\t<\/div>\n\t\t\t\t<\/div>\n\t\t\t\t\t<\/div>\n\t\t<\/div>\n\t\t\t\t\t<\/div>\n\t\t<\/section>\n\t\t\t\t<\/div>\n\t\t","protected":false},"excerpt":{"rendered":"<p>This is the heading https:\/\/whttps:\/\/youtu.be\/vg9Gd12ERdQww.youtube.com\/watch?v=XHOmBV4js_E<\/p>\n","protected":false},"author":1,"featured_media":0,"parent":0,"menu_order":0,"comment_status":"closed","ping_status":"closed","template":"","meta":{"inspiro_hide_title":false,"footnotes":""},"class_list":["post-2442","page","type-page","status-publish","hentry"],"_links":{"self":[{"href":"https:\/\/eurohiti.ddec.pf\/index.php\/wp-json\/wp\/v2\/pages\/2442","targetHints":{"allow":["GET"]}}],"collection":[{"href":"https:\/\/eurohiti.ddec.pf\/index.php\/wp-json\/wp\/v2\/pages"}],"about":[{"href":"https:\/\/eurohiti.ddec.pf\/index.php\/wp-json\/wp\/v2\/types\/page"}],"author":[{"embeddable":true,"href":"https:\/\/eurohiti.ddec.pf\/index.php\/wp-json\/wp\/v2\/users\/1"}],"replies":[{"embeddable":true,"href":"https:\/\/eurohiti.ddec.pf\/index.php\/wp-json\/wp\/v2\/comments?post=2442"}],"version-history":[{"count":4,"href":"https:\/\/eurohiti.ddec.pf\/index.php\/wp-json\/wp\/v2\/pages\/2442\/revisions"}],"predecessor-version":[{"id":5393,"href":"https:\/\/eurohiti.ddec.pf\/index.php\/wp-json\/wp\/v2\/pages\/2442\/revisions\/5393"}],"wp:attachment":[{"href":"https:\/\/eurohiti.ddec.pf\/index.php\/wp-json\/wp\/v2\/media?parent=2442"}],"curies":[{"name":"wp","href":"https:\/\/api.w.org\/{rel}","templated":true}]}}