{"id":2336,"date":"2022-09-06T09:57:44","date_gmt":"2022-09-06T19:57:44","guid":{"rendered":"https:\/eurohiti.ddec.pf\/?page_id=2336"},"modified":"2023-02-11T15:00:19","modified_gmt":"2023-02-12T01:00:19","slug":"prospection-et-negociation-a-linternational-selon-les-pays-vises","status":"publish","type":"page","link":"https:\/\/eurohiti.ddec.pf\/index.php\/prospection-et-negociation-a-linternational-selon-les-pays-vises\/","title":{"rendered":"Prospection et n\u00e9gociation \u00e0 l&rsquo;international selon les pays vis\u00e9s"},"content":{"rendered":"\n<p><\/p>\n\n\n\n<figure class=\"wp-block-embed is-type-video is-provider-youtube wp-block-embed-youtube wp-embed-aspect-4-3 wp-has-aspect-ratio\"><div class=\"wp-block-embed__wrapper\">\n<iframe title=\"PITCH Tahiti Candles pour le salon professionnel au JAPON!\" width=\"950\" height=\"713\" src=\"https:\/\/www.youtube.com\/embed\/IDnALyA9FUo?feature=oembed\" frameborder=\"0\" allow=\"accelerometer; autoplay; clipboard-write; encrypted-media; gyroscope; picture-in-picture; web-share\" allowfullscreen><\/iframe>\n<\/div><\/figure>\n\n\n\n<div data-wp-interactive=\"core\/file\" class=\"wp-block-file\"><object data-wp-bind--hidden=\"!state.hasPdfPreview\" hidden class=\"wp-block-file__embed\" data=\"https:\/\/eurohiti.ddec.pf\/wp-content\/uploads\/2023\/02\/Goodies-Brasserie-HOA.pdf\" type=\"application\/pdf\" style=\"width:100%;height:600px\" aria-label=\"Contenu embarqu\u00e9 Goodies-Brasserie-HOA.\"><\/object><a id=\"wp-block-file--media-6bd8b871-041f-478a-9a51-028637ecce7e\" href=\"https:\/\/eurohiti.ddec.pf\/wp-content\/uploads\/2023\/02\/Goodies-Brasserie-HOA.pdf\">Goodies-Brasserie-HOA<\/a><a href=\"https:\/\/eurohiti.ddec.pf\/wp-content\/uploads\/2023\/02\/Goodies-Brasserie-HOA.pdf\" class=\"wp-block-file__button wp-element-button\" download aria-describedby=\"wp-block-file--media-6bd8b871-041f-478a-9a51-028637ecce7e\">T\u00e9l\u00e9charger<\/a><\/div>\n\n\n\n<div data-wp-interactive=\"core\/file\" class=\"wp-block-file\"><object data-wp-bind--hidden=\"!state.hasPdfPreview\" hidden class=\"wp-block-file__embed\" data=\"https:\/\/eurohiti.ddec.pf\/wp-content\/uploads\/2023\/02\/Contexte-commercial-Nego-Fr-Anglais.pdf\" type=\"application\/pdf\" style=\"width:100%;height:600px\" aria-label=\"Contenu embarqu\u00e9 Contexte-commercial-Nego-Fr-Anglais.\"><\/object><a id=\"wp-block-file--media-f15dde96-84a4-4c55-86c2-7192420d52bb\" href=\"https:\/\/eurohiti.ddec.pf\/wp-content\/uploads\/2023\/02\/Contexte-commercial-Nego-Fr-Anglais.pdf\">Contexte-commercial-Nego-Fr-Anglais<\/a><a href=\"https:\/\/eurohiti.ddec.pf\/wp-content\/uploads\/2023\/02\/Contexte-commercial-Nego-Fr-Anglais.pdf\" class=\"wp-block-file__button wp-element-button\" download aria-describedby=\"wp-block-file--media-f15dde96-84a4-4c55-86c2-7192420d52bb\">T\u00e9l\u00e9charger<\/a><\/div>\n\n\n\n<div data-wp-interactive=\"core\/file\" class=\"wp-block-file aligncenter\"><object data-wp-bind--hidden=\"!state.hasPdfPreview\" hidden class=\"wp-block-file__embed\" data=\"https:\/\/eurohiti.ddec.pf\/wp-content\/uploads\/2023\/02\/Catalogue-commercial-en-anglais-HOA.pdf\" type=\"application\/pdf\" style=\"width:100%;height:600px\" aria-label=\"Contenu embarqu\u00e9 &lt;strong&gt;Catalogue-commercial-en-anglais-HOA&lt;\/strong&gt;.\"><\/object><a id=\"wp-block-file--media-9e57ed19-3143-4f37-944b-86724e6098e3\" href=\"https:\/\/eurohiti.ddec.pf\/wp-content\/uploads\/2023\/02\/Catalogue-commercial-en-anglais-HOA.pdf\"><strong>Catalogue-commercial-en-anglais-HOA<\/strong><\/a><a href=\"https:\/\/eurohiti.ddec.pf\/wp-content\/uploads\/2023\/02\/Catalogue-commercial-en-anglais-HOA.pdf\" class=\"wp-block-file__button wp-element-button\" download aria-describedby=\"wp-block-file--media-9e57ed19-3143-4f37-944b-86724e6098e3\">T\u00e9l\u00e9charger<\/a><\/div>\n","protected":false},"excerpt":{"rendered":"","protected":false},"author":2,"featured_media":0,"parent":0,"menu_order":0,"comment_status":"closed","ping_status":"closed","template":"","meta":{"inspiro_hide_title":false,"footnotes":""},"class_list":["post-2336","page","type-page","status-publish","hentry"],"_links":{"self":[{"href":"https:\/\/eurohiti.ddec.pf\/index.php\/wp-json\/wp\/v2\/pages\/2336","targetHints":{"allow":["GET"]}}],"collection":[{"href":"https:\/\/eurohiti.ddec.pf\/index.php\/wp-json\/wp\/v2\/pages"}],"about":[{"href":"https:\/\/eurohiti.ddec.pf\/index.php\/wp-json\/wp\/v2\/types\/page"}],"author":[{"embeddable":true,"href":"https:\/\/eurohiti.ddec.pf\/index.php\/wp-json\/wp\/v2\/users\/2"}],"replies":[{"embeddable":true,"href":"https:\/\/eurohiti.ddec.pf\/index.php\/wp-json\/wp\/v2\/comments?post=2336"}],"version-history":[{"count":8,"href":"https:\/\/eurohiti.ddec.pf\/index.php\/wp-json\/wp\/v2\/pages\/2336\/revisions"}],"predecessor-version":[{"id":5422,"href":"https:\/\/eurohiti.ddec.pf\/index.php\/wp-json\/wp\/v2\/pages\/2336\/revisions\/5422"}],"wp:attachment":[{"href":"https:\/\/eurohiti.ddec.pf\/index.php\/wp-json\/wp\/v2\/media?parent=2336"}],"curies":[{"name":"wp","href":"https:\/\/api.w.org\/{rel}","templated":true}]}}