{"id":2330,"date":"2022-09-06T09:48:59","date_gmt":"2022-09-06T19:48:59","guid":{"rendered":"https:\/eurohiti.ddec.pf\/?page_id=2330"},"modified":"2026-02-24T16:21:18","modified_gmt":"2026-02-25T02:21:18","slug":"eurohiti-pass-comment-lobtenir","status":"publish","type":"page","link":"https:\/\/eurohiti.ddec.pf\/index.php\/eurohiti-pass-comment-lobtenir\/","title":{"rendered":"Comment rejoindre le r\u00e9seau Alumnis des BTS CI EUROHITI?"},"content":{"rendered":"\t\t<div data-elementor-type=\"wp-page\" data-elementor-id=\"2330\" class=\"elementor elementor-2330\">\n\t\t\t\t\t\t<section class=\"elementor-section elementor-top-section elementor-element elementor-element-3becf6b elementor-section-boxed elementor-section-height-default elementor-section-height-default\" data-id=\"3becf6b\" data-element_type=\"section\" data-e-type=\"section\">\n\t\t\t\t\t\t<div class=\"elementor-container elementor-column-gap-default\">\n\t\t\t\t\t<div class=\"elementor-column elementor-col-100 elementor-top-column elementor-element elementor-element-bb9945e\" data-id=\"bb9945e\" data-element_type=\"column\" data-e-type=\"column\">\n\t\t\t<div class=\"elementor-widget-wrap elementor-element-populated\">\n\t\t\t\t\t\t<div class=\"elementor-element elementor-element-a361631 elementor-widget elementor-widget-heading\" data-id=\"a361631\" data-element_type=\"widget\" data-e-type=\"widget\" data-widget_type=\"heading.default\">\n\t\t\t\t<div class=\"elementor-widget-container\">\n\t\t\t\t\t<h2 class=\"elementor-heading-title elementor-size-default\"><span><strong>Le premier r\u00e9seau des dipl\u00f4m\u00e9s du BTS CI, en Polyn\u00e9sie fran\u00e7aise!<\/strong><\/span><\/h2>\t\t\t\t<\/div>\n\t\t\t\t<\/div>\n\t\t\t\t\t<\/div>\n\t\t<\/div>\n\t\t\t\t\t<\/div>\n\t\t<\/section>\n\t\t\t\t<section class=\"elementor-section elementor-top-section elementor-element elementor-element-ec42f4c elementor-section-boxed elementor-section-height-default elementor-section-height-default\" data-id=\"ec42f4c\" data-element_type=\"section\" data-e-type=\"section\">\n\t\t\t\t\t\t<div class=\"elementor-container elementor-column-gap-default\">\n\t\t\t\t\t<div class=\"elementor-column elementor-col-100 elementor-top-column elementor-element elementor-element-1eba41d\" data-id=\"1eba41d\" data-element_type=\"column\" data-e-type=\"column\">\n\t\t\t<div class=\"elementor-widget-wrap elementor-element-populated\">\n\t\t\t\t\t\t<div class=\"elementor-element elementor-element-7278f5c elementor-widget elementor-widget-text-editor\" data-id=\"7278f5c\" data-element_type=\"widget\" data-e-type=\"widget\" data-widget_type=\"text-editor.default\">\n\t\t\t\t<div class=\"elementor-widget-container\">\n\t\t\t\t\t\t\t\t\t<h3 data-start=\"0\" data-end=\"79\"><span style=\"font-family: Sanchez, sans-serif; color: #444444; font-size: 16px; font-weight: 400;\">Avec <\/span><strong style=\"font-family: Sanchez, sans-serif; color: #444444; font-size: 16px;\" data-start=\"86\" data-end=\"127\">EUROHITI<\/strong><span style=\"font-family: Sanchez, sans-serif; color: #444444; font-size: 16px; font-weight: 400;\">, tu participes directement \u00e0 la <\/span><strong style=\"font-family: Sanchez, sans-serif; color: #444444; font-size: 16px;\" data-start=\"160\" data-end=\"257\">cr\u00e9ation du tout premier r\u00e9seau de dipl\u00f4m\u00e9s BTS Commerce International en Polyn\u00e9sie fran\u00e7aise<\/strong><span style=\"font-family: Sanchez, sans-serif; color: #444444; font-size: 16px; font-weight: 400;\">.<\/span><\/h3><p data-start=\"81\" data-end=\"369\">Un r\u00e9seau pens\u00e9 <strong data-start=\"277\" data-end=\"317\">par et pour les \u00e9tudiants et alumnis<\/strong>, au service de ta g\u00e9n\u00e9ration\u2026 et de celles \u00e0 venir.<\/p><p data-start=\"81\" data-end=\"369\"><strong style=\"caret-color: #000000; color: #000000; font-family: 'Playfair Display', serif; font-size: 24px;\" data-start=\"655\" data-end=\"694\">Le r\u00e9seau Alumnis des BTS CI, c\u2019est :<\/strong><\/p><p data-start=\"81\" data-end=\"369\"><span style=\"caret-color: #000000; color: #000000;\" data-start=\"698\" data-end=\"724\"><span style=\"font-size: medium;\">&#8211;\u00a0<\/span><\/span><strong style=\"caret-color: #000000; color: #000000;\" data-start=\"698\" data-end=\"724\">Une communaut\u00e9 vivante:<\/strong><\/p><p style=\"caret-color: #000000; color: #000000;\" data-start=\"696\" data-end=\"851\">\u00c9changes entre \u00e9tudiants et anciens, partage d\u2019exp\u00e9riences, de stages, d\u2019offres d\u2019emploi et d\u2019opportunit\u00e9s professionnelles.<\/p><p style=\"caret-color: #000000; color: #000000;\" data-start=\"853\" data-end=\"1040\"><strong data-start=\"856\" data-end=\"895\">&#8211; Un v\u00e9ritable tremplin professionnel:<\/strong><br data-start=\"895\" data-end=\"898\" \/>Que ton projet soit en Polyn\u00e9sie, en m\u00e9tropole ou \u00e0 l\u2019international, tu b\u00e9n\u00e9ficies du\u00a0<strong data-start=\"984\" data-end=\"1008\">soutien et du r\u00e9seau<\/strong>\u00a0des dipl\u00f4m\u00e9s qui t\u2019ont pr\u00e9c\u00e9d\u00e9.<\/p><p style=\"caret-color: #000000; color: #000000;\" data-start=\"1042\" data-end=\"1184\"><strong data-start=\"1045\" data-end=\"1070\">&#8211; Une entraide concr\u00e8te:<\/strong><br data-start=\"1070\" data-end=\"1073\" \/>Aujourd\u2019hui tu re\u00e7ois des conseils, demain tu deviens \u00e0 ton tour une\u00a0<strong data-start=\"1142\" data-end=\"1183\">r\u00e9f\u00e9rence pour les nouveaux \u00e9tudiants<\/strong>.<\/p><p style=\"caret-color: #000000; color: #000000;\" data-start=\"1186\" data-end=\"1358\"><strong data-start=\"1189\" data-end=\"1219\">&#8211; Une ouverture sur le monde:<\/strong><br data-start=\"1219\" data-end=\"1222\" \/>EUROHITI connecte la Polyn\u00e9sie au reste du monde gr\u00e2ce aux\u00a0<strong data-start=\"1281\" data-end=\"1315\">alumnis install\u00e9s \u00e0 l\u2019\u00e9tranger<\/strong>\u00a0et engag\u00e9s dans le Commerce International.<\/p>\t\t\t\t\t\t\t\t<\/div>\n\t\t\t\t<\/div>\n\t\t\t\t\t<\/div>\n\t\t<\/div>\n\t\t\t\t\t<\/div>\n\t\t<\/section>\n\t\t\t\t<section class=\"elementor-section elementor-top-section elementor-element elementor-element-66bd008 elementor-section-boxed elementor-section-height-default elementor-section-height-default\" data-id=\"66bd008\" data-element_type=\"section\" data-e-type=\"section\">\n\t\t\t\t\t\t<div class=\"elementor-container elementor-column-gap-default\">\n\t\t\t\t\t<div class=\"elementor-column elementor-col-100 elementor-top-column elementor-element elementor-element-240d446\" data-id=\"240d446\" data-element_type=\"column\" data-e-type=\"column\">\n\t\t\t<div class=\"elementor-widget-wrap elementor-element-populated\">\n\t\t\t\t\t\t<div class=\"elementor-element elementor-element-bcbec34 elementor-widget elementor-widget-spacer\" data-id=\"bcbec34\" data-element_type=\"widget\" data-e-type=\"widget\" data-widget_type=\"spacer.default\">\n\t\t\t\t<div class=\"elementor-widget-container\">\n\t\t\t\t\t\t\t<div class=\"elementor-spacer\">\n\t\t\t<div class=\"elementor-spacer-inner\"><\/div>\n\t\t<\/div>\n\t\t\t\t\t\t<\/div>\n\t\t\t\t<\/div>\n\t\t\t\t\t<\/div>\n\t\t<\/div>\n\t\t\t\t\t<\/div>\n\t\t<\/section>\n\t\t\t\t<section class=\"elementor-section elementor-top-section elementor-element elementor-element-89da949 elementor-section-boxed elementor-section-height-default elementor-section-height-default\" data-id=\"89da949\" data-element_type=\"section\" data-e-type=\"section\">\n\t\t\t\t\t\t<div class=\"elementor-container elementor-column-gap-default\">\n\t\t\t\t\t<div class=\"elementor-column elementor-col-100 elementor-top-column elementor-element elementor-element-b0a94c5\" data-id=\"b0a94c5\" data-element_type=\"column\" data-e-type=\"column\">\n\t\t\t<div class=\"elementor-widget-wrap elementor-element-populated\">\n\t\t\t\t\t\t<div class=\"elementor-element elementor-element-63c3b4a elementor-widget elementor-widget-heading\" data-id=\"63c3b4a\" data-element_type=\"widget\" data-e-type=\"widget\" data-widget_type=\"heading.default\">\n\t\t\t\t<div class=\"elementor-widget-container\">\n\t\t\t\t\t<h2 class=\"elementor-heading-title elementor-size-default\"><a href=\"https:\/\/forms.gle\/MAcSeYmCDsUcaeJq9\">Renseigne le formulaire ci-dessous pour en faire partie!<\/a><\/h2>\t\t\t\t<\/div>\n\t\t\t\t<\/div>\n\t\t\t\t<div class=\"elementor-element elementor-element-a5ab29c elementor-align-center elementor-widget elementor-widget-button\" data-id=\"a5ab29c\" data-element_type=\"widget\" data-e-type=\"widget\" data-settings=\"{&quot;_animation&quot;:&quot;none&quot;}\" data-widget_type=\"button.default\">\n\t\t\t\t<div class=\"elementor-widget-container\">\n\t\t\t\t\t\t\t\t\t<div class=\"elementor-button-wrapper\">\n\t\t\t\t\t<a class=\"elementor-button elementor-button-link elementor-size-sm elementor-animation-push\" href=\"https:\/\/docs.google.com\/forms\/d\/1Tv7Ltl3S3A5PkoIUz5FDaV2sdwnqHSUs9BfcZu7izHk\/edit\">\n\t\t\t\t\t\t<span class=\"elementor-button-content-wrapper\">\n\t\t\t\t\t\t\t\t\t<span class=\"elementor-button-text\">Formulaire Alumni BTS CI CLM<\/span>\n\t\t\t\t\t<\/span>\n\t\t\t\t\t<\/a>\n\t\t\t\t<\/div>\n\t\t\t\t\t\t\t\t<\/div>\n\t\t\t\t<\/div>\n\t\t\t\t\t<\/div>\n\t\t<\/div>\n\t\t\t\t\t<\/div>\n\t\t<\/section>\n\t\t\t\t<section class=\"elementor-section elementor-top-section elementor-element elementor-element-0ce41d2 elementor-section-boxed elementor-section-height-default elementor-section-height-default\" data-id=\"0ce41d2\" data-element_type=\"section\" data-e-type=\"section\">\n\t\t\t\t\t\t<div class=\"elementor-container elementor-column-gap-default\">\n\t\t\t\t\t<div class=\"elementor-column elementor-col-100 elementor-top-column elementor-element elementor-element-ab39be8\" data-id=\"ab39be8\" data-element_type=\"column\" data-e-type=\"column\">\n\t\t\t<div class=\"elementor-widget-wrap elementor-element-populated\">\n\t\t\t\t\t\t<div class=\"elementor-element elementor-element-2c8b287 elementor-widget elementor-widget-spacer\" data-id=\"2c8b287\" data-element_type=\"widget\" data-e-type=\"widget\" data-widget_type=\"spacer.default\">\n\t\t\t\t<div class=\"elementor-widget-container\">\n\t\t\t\t\t\t\t<div class=\"elementor-spacer\">\n\t\t\t<div class=\"elementor-spacer-inner\"><\/div>\n\t\t<\/div>\n\t\t\t\t\t\t<\/div>\n\t\t\t\t<\/div>\n\t\t\t\t\t<\/div>\n\t\t<\/div>\n\t\t\t\t\t<\/div>\n\t\t<\/section>\n\t\t\t\t<section class=\"elementor-section elementor-top-section elementor-element elementor-element-40f4e28 elementor-section-boxed elementor-section-height-default elementor-section-height-default\" data-id=\"40f4e28\" data-element_type=\"section\" data-e-type=\"section\">\n\t\t\t\t\t\t<div class=\"elementor-container elementor-column-gap-default\">\n\t\t\t\t\t<div class=\"elementor-column elementor-col-100 elementor-top-column elementor-element elementor-element-cb7fba7\" data-id=\"cb7fba7\" data-element_type=\"column\" data-e-type=\"column\">\n\t\t\t<div class=\"elementor-widget-wrap\">\n\t\t\t\t\t\t\t<\/div>\n\t\t<\/div>\n\t\t\t\t\t<\/div>\n\t\t<\/section>\n\t\t\t\t<\/div>\n\t\t","protected":false},"excerpt":{"rendered":"<p>Le premier r\u00e9seau des dipl\u00f4m\u00e9s du BTS CI, en Polyn\u00e9sie fran\u00e7aise! Avec EUROHITI, tu participes directement \u00e0 la cr\u00e9ation du tout premier r\u00e9seau de dipl\u00f4m\u00e9s BTS Commerce International en Polyn\u00e9sie fran\u00e7aise. Un r\u00e9seau pens\u00e9 par et pour les \u00e9tudiants et alumnis, au service de ta g\u00e9n\u00e9ration\u2026 et de celles \u00e0 venir. Le r\u00e9seau Alumnis des &hellip; <\/p>\n<p class=\"link-more\"><a href=\"https:\/\/eurohiti.ddec.pf\/index.php\/eurohiti-pass-comment-lobtenir\/\" class=\"more-link\">Lire la suite de<span class=\"screen-reader-text\">\u00ab\u00a0Comment rejoindre le r\u00e9seau Alumnis des BTS CI EUROHITI?\u00a0\u00bb<\/span><\/a><\/p>\n","protected":false},"author":1,"featured_media":0,"parent":0,"menu_order":0,"comment_status":"closed","ping_status":"closed","template":"","meta":{"inspiro_hide_title":false,"footnotes":""},"class_list":["post-2330","page","type-page","status-publish","hentry"],"_links":{"self":[{"href":"https:\/\/eurohiti.ddec.pf\/index.php\/wp-json\/wp\/v2\/pages\/2330","targetHints":{"allow":["GET"]}}],"collection":[{"href":"https:\/\/eurohiti.ddec.pf\/index.php\/wp-json\/wp\/v2\/pages"}],"about":[{"href":"https:\/\/eurohiti.ddec.pf\/index.php\/wp-json\/wp\/v2\/types\/page"}],"author":[{"embeddable":true,"href":"https:\/\/eurohiti.ddec.pf\/index.php\/wp-json\/wp\/v2\/users\/1"}],"replies":[{"embeddable":true,"href":"https:\/\/eurohiti.ddec.pf\/index.php\/wp-json\/wp\/v2\/comments?post=2330"}],"version-history":[{"count":175,"href":"https:\/\/eurohiti.ddec.pf\/index.php\/wp-json\/wp\/v2\/pages\/2330\/revisions"}],"predecessor-version":[{"id":6398,"href":"https:\/\/eurohiti.ddec.pf\/index.php\/wp-json\/wp\/v2\/pages\/2330\/revisions\/6398"}],"wp:attachment":[{"href":"https:\/\/eurohiti.ddec.pf\/index.php\/wp-json\/wp\/v2\/media?parent=2330"}],"curies":[{"name":"wp","href":"https:\/\/api.w.org\/{rel}","templated":true}]}}