{"id":2202,"date":"2022-08-29T14:05:41","date_gmt":"2022-08-30T00:05:41","guid":{"rendered":"https:\/eurohiti.ddec.pf\/?page_id=2202"},"modified":"2022-10-21T09:13:09","modified_gmt":"2022-10-21T19:13:09","slug":"le-transport-a-linternational","status":"publish","type":"page","link":"https:\/\/eurohiti.ddec.pf\/index.php\/le-transport-a-linternational\/","title":{"rendered":"Le transport \u00e0 l\u2019international"},"content":{"rendered":"\t\t<div data-elementor-type=\"wp-page\" data-elementor-id=\"2202\" class=\"elementor elementor-2202\">\n\t\t\t\t\t\t<section class=\"elementor-section elementor-top-section elementor-element elementor-element-fe4a0d6 elementor-section-boxed elementor-section-height-default elementor-section-height-default\" data-id=\"fe4a0d6\" data-element_type=\"section\" data-e-type=\"section\">\n\t\t\t\t\t\t<div class=\"elementor-container elementor-column-gap-default\">\n\t\t\t\t\t<div class=\"elementor-column elementor-col-100 elementor-top-column elementor-element elementor-element-295e6d5\" data-id=\"295e6d5\" data-element_type=\"column\" data-e-type=\"column\">\n\t\t\t<div class=\"elementor-widget-wrap elementor-element-populated\">\n\t\t\t\t\t\t<div class=\"elementor-element elementor-element-7644fb4 elementor-widget elementor-widget-text-editor\" data-id=\"7644fb4\" data-element_type=\"widget\" data-e-type=\"widget\" data-widget_type=\"text-editor.default\">\n\t\t\t\t<div class=\"elementor-widget-container\">\n\t\t\t\t\t\t\t\t\t<p>Le transport international est le terme que nous utilisons pour d\u00e9crire la livraison de marchandises d&rsquo;un pays d&rsquo;origine \u00e0 un autre pays, comme Point d&rsquo;arriv\u00e9e.<\/p>\t\t\t\t\t\t\t\t<\/div>\n\t\t\t\t<\/div>\n\t\t\t\t\t<\/div>\n\t\t<\/div>\n\t\t\t\t\t<\/div>\n\t\t<\/section>\n\t\t\t\t<section class=\"elementor-section elementor-top-section elementor-element elementor-element-ca06539 elementor-section-boxed elementor-section-height-default elementor-section-height-default\" data-id=\"ca06539\" data-element_type=\"section\" data-e-type=\"section\">\n\t\t\t\t\t\t<div class=\"elementor-container elementor-column-gap-default\">\n\t\t\t\t\t<div class=\"elementor-column elementor-col-50 elementor-top-column elementor-element elementor-element-b9405c0\" data-id=\"b9405c0\" data-element_type=\"column\" data-e-type=\"column\">\n\t\t\t<div class=\"elementor-widget-wrap elementor-element-populated\">\n\t\t\t\t\t\t<div class=\"elementor-element elementor-element-ed0b330 elementor-widget elementor-widget-heading\" data-id=\"ed0b330\" data-element_type=\"widget\" data-e-type=\"widget\" data-widget_type=\"heading.default\">\n\t\t\t\t<div class=\"elementor-widget-container\">\n\t\t\t\t\t<h2 class=\"elementor-heading-title elementor-size-medium\">Les modes de transports.<\/h2>\t\t\t\t<\/div>\n\t\t\t\t<\/div>\n\t\t\t\t\t<\/div>\n\t\t<\/div>\n\t\t\t\t<div class=\"elementor-column elementor-col-50 elementor-top-column elementor-element elementor-element-be2b419\" data-id=\"be2b419\" data-element_type=\"column\" data-e-type=\"column\">\n\t\t\t<div class=\"elementor-widget-wrap elementor-element-populated\">\n\t\t\t\t\t\t<div class=\"elementor-element elementor-element-cd0501c elementor-widget elementor-widget-heading\" data-id=\"cd0501c\" data-element_type=\"widget\" data-e-type=\"widget\" data-widget_type=\"heading.default\">\n\t\t\t\t<div class=\"elementor-widget-container\">\n\t\t\t\t\t<h2 class=\"elementor-heading-title elementor-size-medium\">L'assurance de transport.<\/h2>\t\t\t\t<\/div>\n\t\t\t\t<\/div>\n\t\t\t\t\t<\/div>\n\t\t<\/div>\n\t\t\t\t\t<\/div>\n\t\t<\/section>\n\t\t\t\t<section class=\"elementor-section elementor-top-section elementor-element elementor-element-2e85285 elementor-section-boxed elementor-section-height-default elementor-section-height-default\" data-id=\"2e85285\" data-element_type=\"section\" data-e-type=\"section\">\n\t\t\t\t\t\t<div class=\"elementor-container elementor-column-gap-default\">\n\t\t\t\t\t<div class=\"elementor-column elementor-col-50 elementor-top-column elementor-element elementor-element-84f5202\" data-id=\"84f5202\" data-element_type=\"column\" data-e-type=\"column\">\n\t\t\t<div class=\"elementor-widget-wrap elementor-element-populated\">\n\t\t\t\t\t\t<div class=\"elementor-element elementor-element-2b49a46 elementor-position-top elementor-widget elementor-widget-image-box\" data-id=\"2b49a46\" data-element_type=\"widget\" data-e-type=\"widget\" data-widget_type=\"image-box.default\">\n\t\t\t\t<div class=\"elementor-widget-container\">\n\t\t\t\t\t<div class=\"elementor-image-box-wrapper\"><figure class=\"elementor-image-box-img\"><a href=\"https:\/\/eurohiti.ddec.pf\/wp-content\/uploads\/2022\/10\/transport.pdf\" target=\"_blank\" tabindex=\"-1\"><img fetchpriority=\"high\" decoding=\"async\" width=\"801\" height=\"2002\" src=\"https:\/\/eurohiti.ddec.pf\/wp-content\/uploads\/2022\/08\/transport.png\" class=\"attachment-full size-full wp-image-2261\" alt=\"\" srcset=\"https:\/\/eurohiti.ddec.pf\/wp-content\/uploads\/2022\/08\/transport.png 801w, https:\/\/eurohiti.ddec.pf\/wp-content\/uploads\/2022\/08\/transport-120x300.png 120w, https:\/\/eurohiti.ddec.pf\/wp-content\/uploads\/2022\/08\/transport-410x1024.png 410w, https:\/\/eurohiti.ddec.pf\/wp-content\/uploads\/2022\/08\/transport-768x1920.png 768w, https:\/\/eurohiti.ddec.pf\/wp-content\/uploads\/2022\/08\/transport-615x1536.png 615w\" sizes=\"(max-width: 801px) 100vw, 801px\" \/><\/a><\/figure><\/div>\t\t\t\t<\/div>\n\t\t\t\t<\/div>\n\t\t\t\t\t<\/div>\n\t\t<\/div>\n\t\t\t\t<div class=\"elementor-column elementor-col-50 elementor-top-column elementor-element elementor-element-a1c6561\" data-id=\"a1c6561\" data-element_type=\"column\" data-e-type=\"column\">\n\t\t\t<div class=\"elementor-widget-wrap elementor-element-populated\">\n\t\t\t\t\t\t<div class=\"elementor-element elementor-element-a1968de elementor-position-top elementor-widget elementor-widget-image-box\" data-id=\"a1968de\" data-element_type=\"widget\" data-e-type=\"widget\" data-widget_type=\"image-box.default\">\n\t\t\t\t<div class=\"elementor-widget-container\">\n\t\t\t\t\t<div class=\"elementor-image-box-wrapper\"><figure class=\"elementor-image-box-img\"><a href=\"https:\/\/eurohiti.ddec.pf\/wp-content\/uploads\/2022\/10\/Incoterm-2.pdf\" target=\"_blank\" tabindex=\"-1\"><img decoding=\"async\" width=\"800\" height=\"2000\" src=\"https:\/\/eurohiti.ddec.pf\/wp-content\/uploads\/2022\/08\/Incoterm-2-1.png\" class=\"attachment-full size-full wp-image-2263\" alt=\"\" srcset=\"https:\/\/eurohiti.ddec.pf\/wp-content\/uploads\/2022\/08\/Incoterm-2-1.png 800w, https:\/\/eurohiti.ddec.pf\/wp-content\/uploads\/2022\/08\/Incoterm-2-1-120x300.png 120w, https:\/\/eurohiti.ddec.pf\/wp-content\/uploads\/2022\/08\/Incoterm-2-1-410x1024.png 410w, https:\/\/eurohiti.ddec.pf\/wp-content\/uploads\/2022\/08\/Incoterm-2-1-768x1920.png 768w, https:\/\/eurohiti.ddec.pf\/wp-content\/uploads\/2022\/08\/Incoterm-2-1-614x1536.png 614w\" sizes=\"(max-width: 800px) 100vw, 800px\" \/><\/a><\/figure><\/div>\t\t\t\t<\/div>\n\t\t\t\t<\/div>\n\t\t\t\t\t<\/div>\n\t\t<\/div>\n\t\t\t\t\t<\/div>\n\t\t<\/section>\n\t\t\t\t<\/div>\n\t\t","protected":false},"excerpt":{"rendered":"<p>Le transport international est le terme que nous utilisons pour d\u00e9crire la livraison de marchandises d&rsquo;un pays d&rsquo;origine \u00e0 un autre pays, comme Point d&rsquo;arriv\u00e9e. Les modes de transports. L&rsquo;assurance de transport.<\/p>\n","protected":false},"author":1,"featured_media":0,"parent":0,"menu_order":0,"comment_status":"closed","ping_status":"closed","template":"","meta":{"inspiro_hide_title":false,"footnotes":""},"class_list":["post-2202","page","type-page","status-publish","hentry"],"_links":{"self":[{"href":"https:\/\/eurohiti.ddec.pf\/index.php\/wp-json\/wp\/v2\/pages\/2202","targetHints":{"allow":["GET"]}}],"collection":[{"href":"https:\/\/eurohiti.ddec.pf\/index.php\/wp-json\/wp\/v2\/pages"}],"about":[{"href":"https:\/\/eurohiti.ddec.pf\/index.php\/wp-json\/wp\/v2\/types\/page"}],"author":[{"embeddable":true,"href":"https:\/\/eurohiti.ddec.pf\/index.php\/wp-json\/wp\/v2\/users\/1"}],"replies":[{"embeddable":true,"href":"https:\/\/eurohiti.ddec.pf\/index.php\/wp-json\/wp\/v2\/comments?post=2202"}],"version-history":[{"count":13,"href":"https:\/\/eurohiti.ddec.pf\/index.php\/wp-json\/wp\/v2\/pages\/2202\/revisions"}],"predecessor-version":[{"id":4065,"href":"https:\/\/eurohiti.ddec.pf\/index.php\/wp-json\/wp\/v2\/pages\/2202\/revisions\/4065"}],"wp:attachment":[{"href":"https:\/\/eurohiti.ddec.pf\/index.php\/wp-json\/wp\/v2\/media?parent=2202"}],"curies":[{"name":"wp","href":"https:\/\/api.w.org\/{rel}","templated":true}]}}