{"id":2200,"date":"2022-08-29T14:05:14","date_gmt":"2022-08-30T00:05:14","guid":{"rendered":"https:\/eurohiti.ddec.pf\/?page_id=2200"},"modified":"2022-10-21T08:49:18","modified_gmt":"2022-10-21T18:49:18","slug":"b-a-ba-dune-operation-commerciale-a-linternational","status":"publish","type":"page","link":"https:\/\/eurohiti.ddec.pf\/index.php\/b-a-ba-dune-operation-commerciale-a-linternational\/","title":{"rendered":"B.A.BA d&rsquo;une op\u00e9ration commerciale \u00e0 l&rsquo;international"},"content":{"rendered":"\t\t<div data-elementor-type=\"wp-page\" data-elementor-id=\"2200\" class=\"elementor elementor-2200\">\n\t\t\t\t\t\t<section class=\"elementor-section elementor-top-section elementor-element elementor-element-e4f1fc7 elementor-section-boxed elementor-section-height-default elementor-section-height-default\" data-id=\"e4f1fc7\" data-element_type=\"section\" data-e-type=\"section\">\n\t\t\t\t\t\t<div class=\"elementor-container elementor-column-gap-default\">\n\t\t\t\t\t<div class=\"elementor-column elementor-col-100 elementor-top-column elementor-element elementor-element-5dee678\" data-id=\"5dee678\" data-element_type=\"column\" data-e-type=\"column\">\n\t\t\t<div class=\"elementor-widget-wrap elementor-element-populated\">\n\t\t\t\t\t\t<div class=\"elementor-element elementor-element-d71d9e2 elementor-widget elementor-widget-text-editor\" data-id=\"d71d9e2\" data-element_type=\"widget\" data-e-type=\"widget\" data-widget_type=\"text-editor.default\">\n\t\t\t\t<div class=\"elementor-widget-container\">\n\t\t\t\t\t\t\t\t\t<p>Vous souhaitez vous former et b\u00e9n\u00e9ficier de diff\u00e9rentes informations concernant le B.A.BA d&rsquo;une op\u00e9ration commerciale \u00e0 l&rsquo;international. Vous trouverez ci-dessous, les documents utilitaires.<\/p>\t\t\t\t\t\t\t\t<\/div>\n\t\t\t\t<\/div>\n\t\t\t\t\t<\/div>\n\t\t<\/div>\n\t\t\t\t\t<\/div>\n\t\t<\/section>\n\t\t\t\t<section class=\"elementor-section elementor-top-section elementor-element elementor-element-9a99f68 elementor-section-boxed elementor-section-height-default elementor-section-height-default\" data-id=\"9a99f68\" data-element_type=\"section\" data-e-type=\"section\">\n\t\t\t\t\t\t<div class=\"elementor-container elementor-column-gap-default\">\n\t\t\t\t\t<div class=\"elementor-column elementor-col-33 elementor-top-column elementor-element elementor-element-b4ddbdf\" data-id=\"b4ddbdf\" data-element_type=\"column\" data-e-type=\"column\">\n\t\t\t<div class=\"elementor-widget-wrap elementor-element-populated\">\n\t\t\t\t\t\t<div class=\"elementor-element elementor-element-8eb95da elementor-widget elementor-widget-heading\" data-id=\"8eb95da\" data-element_type=\"widget\" data-e-type=\"widget\" data-widget_type=\"heading.default\">\n\t\t\t\t<div class=\"elementor-widget-container\">\n\t\t\t\t\t<h2 class=\"elementor-heading-title elementor-size-medium\">Les Incoterms.<\/h2>\t\t\t\t<\/div>\n\t\t\t\t<\/div>\n\t\t\t\t\t<\/div>\n\t\t<\/div>\n\t\t\t\t<div class=\"elementor-column elementor-col-33 elementor-top-column elementor-element elementor-element-f4a6fdb\" data-id=\"f4a6fdb\" data-element_type=\"column\" data-e-type=\"column\">\n\t\t\t<div class=\"elementor-widget-wrap elementor-element-populated\">\n\t\t\t\t\t\t<div class=\"elementor-element elementor-element-b320dae elementor-widget elementor-widget-heading\" data-id=\"b320dae\" data-element_type=\"widget\" data-e-type=\"widget\" data-widget_type=\"heading.default\">\n\t\t\t\t<div class=\"elementor-widget-container\">\n\t\t\t\t\t<h2 class=\"elementor-heading-title elementor-size-medium\">Offre Commerciale.<\/h2>\t\t\t\t<\/div>\n\t\t\t\t<\/div>\n\t\t\t\t\t<\/div>\n\t\t<\/div>\n\t\t\t\t<div class=\"elementor-column elementor-col-33 elementor-top-column elementor-element elementor-element-2f32f0d\" data-id=\"2f32f0d\" data-element_type=\"column\" data-e-type=\"column\">\n\t\t\t<div class=\"elementor-widget-wrap elementor-element-populated\">\n\t\t\t\t\t\t<div class=\"elementor-element elementor-element-f87c95e elementor-widget elementor-widget-heading\" data-id=\"f87c95e\" data-element_type=\"widget\" data-e-type=\"widget\" data-widget_type=\"heading.default\">\n\t\t\t\t<div class=\"elementor-widget-container\">\n\t\t\t\t\t<h2 class=\"elementor-heading-title elementor-size-medium\">Gestion des op\u00e9rations internationales.<\/h2>\t\t\t\t<\/div>\n\t\t\t\t<\/div>\n\t\t\t\t\t<\/div>\n\t\t<\/div>\n\t\t\t\t\t<\/div>\n\t\t<\/section>\n\t\t\t\t<section class=\"elementor-section elementor-top-section elementor-element elementor-element-7225866 elementor-section-boxed elementor-section-height-default elementor-section-height-default\" data-id=\"7225866\" data-element_type=\"section\" data-e-type=\"section\">\n\t\t\t\t\t\t<div class=\"elementor-container elementor-column-gap-default\">\n\t\t\t\t\t<div class=\"elementor-column elementor-col-33 elementor-top-column elementor-element elementor-element-531038f\" data-id=\"531038f\" data-element_type=\"column\" data-e-type=\"column\">\n\t\t\t<div class=\"elementor-widget-wrap elementor-element-populated\">\n\t\t\t\t\t\t<div class=\"elementor-element elementor-element-4138f53 elementor-position-top elementor-widget elementor-widget-image-box\" data-id=\"4138f53\" data-element_type=\"widget\" data-e-type=\"widget\" data-widget_type=\"image-box.default\">\n\t\t\t\t<div class=\"elementor-widget-container\">\n\t\t\t\t\t<div class=\"elementor-image-box-wrapper\"><figure class=\"elementor-image-box-img\"><a href=\"https:\/\/eurohiti.ddec.pf\/wp-content\/uploads\/2022\/10\/Incoterm-1.pdf\" target=\"_blank\" tabindex=\"-1\"><img fetchpriority=\"high\" decoding=\"async\" width=\"800\" height=\"2000\" src=\"https:\/\/eurohiti.ddec.pf\/wp-content\/uploads\/2022\/08\/Incoterm-1.png\" class=\"attachment-full size-full wp-image-2241\" alt=\"\" srcset=\"https:\/\/eurohiti.ddec.pf\/wp-content\/uploads\/2022\/08\/Incoterm-1.png 800w, https:\/\/eurohiti.ddec.pf\/wp-content\/uploads\/2022\/08\/Incoterm-1-120x300.png 120w, https:\/\/eurohiti.ddec.pf\/wp-content\/uploads\/2022\/08\/Incoterm-1-410x1024.png 410w, https:\/\/eurohiti.ddec.pf\/wp-content\/uploads\/2022\/08\/Incoterm-1-768x1920.png 768w, https:\/\/eurohiti.ddec.pf\/wp-content\/uploads\/2022\/08\/Incoterm-1-614x1536.png 614w\" sizes=\"(max-width: 800px) 100vw, 800px\" \/><\/a><\/figure><\/div>\t\t\t\t<\/div>\n\t\t\t\t<\/div>\n\t\t\t\t\t<\/div>\n\t\t<\/div>\n\t\t\t\t<div class=\"elementor-column elementor-col-33 elementor-top-column elementor-element elementor-element-8280bd4\" data-id=\"8280bd4\" data-element_type=\"column\" data-e-type=\"column\">\n\t\t\t<div class=\"elementor-widget-wrap elementor-element-populated\">\n\t\t\t\t\t\t<div class=\"elementor-element elementor-element-2e5695c elementor-position-top elementor-widget elementor-widget-image-box\" data-id=\"2e5695c\" data-element_type=\"widget\" data-e-type=\"widget\" data-widget_type=\"image-box.default\">\n\t\t\t\t<div class=\"elementor-widget-container\">\n\t\t\t\t\t<div class=\"elementor-image-box-wrapper\"><figure class=\"elementor-image-box-img\"><a href=\"https:\/\/eurohiti.ddec.pf\/wp-content\/uploads\/2022\/10\/Incoterm-2.pdf\" target=\"_blank\" tabindex=\"-1\"><img decoding=\"async\" width=\"800\" height=\"2000\" src=\"https:\/\/eurohiti.ddec.pf\/wp-content\/uploads\/2022\/08\/Incoterm-2.png\" class=\"attachment-full size-full wp-image-2242\" alt=\"\" srcset=\"https:\/\/eurohiti.ddec.pf\/wp-content\/uploads\/2022\/08\/Incoterm-2.png 800w, https:\/\/eurohiti.ddec.pf\/wp-content\/uploads\/2022\/08\/Incoterm-2-120x300.png 120w, https:\/\/eurohiti.ddec.pf\/wp-content\/uploads\/2022\/08\/Incoterm-2-410x1024.png 410w, https:\/\/eurohiti.ddec.pf\/wp-content\/uploads\/2022\/08\/Incoterm-2-768x1920.png 768w, https:\/\/eurohiti.ddec.pf\/wp-content\/uploads\/2022\/08\/Incoterm-2-614x1536.png 614w\" sizes=\"(max-width: 800px) 100vw, 800px\" \/><\/a><\/figure><\/div>\t\t\t\t<\/div>\n\t\t\t\t<\/div>\n\t\t\t\t\t<\/div>\n\t\t<\/div>\n\t\t\t\t<div class=\"elementor-column elementor-col-33 elementor-top-column elementor-element elementor-element-ff5fec5\" data-id=\"ff5fec5\" data-element_type=\"column\" data-e-type=\"column\">\n\t\t\t<div class=\"elementor-widget-wrap elementor-element-populated\">\n\t\t\t\t\t\t<div class=\"elementor-element elementor-element-a85fc36 elementor-position-top elementor-widget elementor-widget-image-box\" data-id=\"a85fc36\" data-element_type=\"widget\" data-e-type=\"widget\" data-widget_type=\"image-box.default\">\n\t\t\t\t<div class=\"elementor-widget-container\">\n\t\t\t\t\t<div class=\"elementor-image-box-wrapper\"><figure class=\"elementor-image-box-img\"><a href=\"https:\/\/eurohiti.ddec.pf\/wp-content\/uploads\/2022\/10\/baba-operation-1.pdf\" target=\"_blank\" tabindex=\"-1\"><img decoding=\"async\" width=\"801\" height=\"2002\" src=\"https:\/\/eurohiti.ddec.pf\/wp-content\/uploads\/2022\/08\/baba-operation-1.png\" class=\"attachment-full size-full wp-image-2243\" alt=\"\" srcset=\"https:\/\/eurohiti.ddec.pf\/wp-content\/uploads\/2022\/08\/baba-operation-1.png 801w, https:\/\/eurohiti.ddec.pf\/wp-content\/uploads\/2022\/08\/baba-operation-1-120x300.png 120w, https:\/\/eurohiti.ddec.pf\/wp-content\/uploads\/2022\/08\/baba-operation-1-410x1024.png 410w, https:\/\/eurohiti.ddec.pf\/wp-content\/uploads\/2022\/08\/baba-operation-1-768x1920.png 768w, https:\/\/eurohiti.ddec.pf\/wp-content\/uploads\/2022\/08\/baba-operation-1-615x1536.png 615w\" sizes=\"(max-width: 801px) 100vw, 801px\" \/><\/a><\/figure><\/div>\t\t\t\t<\/div>\n\t\t\t\t<\/div>\n\t\t\t\t\t<\/div>\n\t\t<\/div>\n\t\t\t\t\t<\/div>\n\t\t<\/section>\n\t\t\t\t<\/div>\n\t\t","protected":false},"excerpt":{"rendered":"<p>Vous souhaitez vous former et b\u00e9n\u00e9ficier de diff\u00e9rentes informations concernant le B.A.BA d&rsquo;une op\u00e9ration commerciale \u00e0 l&rsquo;international. Vous trouverez ci-dessous, les documents utilitaires. Les Incoterms. Offre Commerciale. Gestion des op\u00e9rations internationales.<\/p>\n","protected":false},"author":1,"featured_media":0,"parent":0,"menu_order":0,"comment_status":"closed","ping_status":"closed","template":"","meta":{"inspiro_hide_title":false,"footnotes":""},"class_list":["post-2200","page","type-page","status-publish","hentry"],"_links":{"self":[{"href":"https:\/\/eurohiti.ddec.pf\/index.php\/wp-json\/wp\/v2\/pages\/2200","targetHints":{"allow":["GET"]}}],"collection":[{"href":"https:\/\/eurohiti.ddec.pf\/index.php\/wp-json\/wp\/v2\/pages"}],"about":[{"href":"https:\/\/eurohiti.ddec.pf\/index.php\/wp-json\/wp\/v2\/types\/page"}],"author":[{"embeddable":true,"href":"https:\/\/eurohiti.ddec.pf\/index.php\/wp-json\/wp\/v2\/users\/1"}],"replies":[{"embeddable":true,"href":"https:\/\/eurohiti.ddec.pf\/index.php\/wp-json\/wp\/v2\/comments?post=2200"}],"version-history":[{"count":44,"href":"https:\/\/eurohiti.ddec.pf\/index.php\/wp-json\/wp\/v2\/pages\/2200\/revisions"}],"predecessor-version":[{"id":4046,"href":"https:\/\/eurohiti.ddec.pf\/index.php\/wp-json\/wp\/v2\/pages\/2200\/revisions\/4046"}],"wp:attachment":[{"href":"https:\/\/eurohiti.ddec.pf\/index.php\/wp-json\/wp\/v2\/media?parent=2200"}],"curies":[{"name":"wp","href":"https:\/\/api.w.org\/{rel}","templated":true}]}}